{"id":28852,"date":"2024-01-19T08:18:34","date_gmt":"2024-01-19T07:18:34","guid":{"rendered":"https:\/\/vtcguyane.fr\/mentions-legales\/"},"modified":"2025-09-18T11:08:05","modified_gmt":"2025-09-18T09:08:05","slug":"legal-notices","status":"publish","type":"page","link":"https:\/\/vtcguyane.fr\/en\/mentions-legales\/","title":{"rendered":"Legal Notice"},"content":{"rendered":"<div data-elementor-type=\"wp-page\" data-elementor-id=\"28852\" class=\"elementor elementor-28852\" data-elementor-post-type=\"page\">\n\t\t\t\t\t\t<section class=\"elementor-section elementor-top-section elementor-element elementor-element-74948b0f elementor-section-boxed elementor-section-height-default elementor-section-height-default\" data-id=\"74948b0f\" data-element_type=\"section\" data-e-type=\"section\">\n\t\t\t\t\t\t<div class=\"elementor-container elementor-column-gap-default\">\n\t\t\t\t\t<div class=\"elementor-column elementor-col-100 elementor-top-column elementor-element elementor-element-1141bb61\" data-id=\"1141bb61\" data-element_type=\"column\" data-e-type=\"column\">\n\t\t\t<div class=\"elementor-widget-wrap elementor-element-populated\">\n\t\t\t\t\t\t<div class=\"elementor-element elementor-element-7fe4dde4 elementor-widget elementor-widget-heading\" data-id=\"7fe4dde4\" data-element_type=\"widget\" data-e-type=\"widget\" data-widget_type=\"heading.default\">\n\t\t\t\t<div class=\"elementor-widget-container\">\n\t\t\t\t\t<h1 class=\"elementor-heading-title elementor-size-default\">Legal notice<\/h1>\t\t\t\t<\/div>\n\t\t\t\t<\/div>\n\t\t\t\t<div class=\"elementor-element elementor-element-1ddfb609 elementor-widget elementor-widget-text-editor\" data-id=\"1ddfb609\" data-element_type=\"widget\" data-e-type=\"widget\" data-widget_type=\"text-editor.default\">\n\t\t\t\t<div class=\"elementor-widget-container\">\n\t\t\t\t\t\t\t\t\t<p><b>The vtcguyane.fr website is published by:<\/b><\/p><p>WebAudit France<br \/>6 Jean Jaur\u00e8s Avenue, 73000 Chamb\u00e9ry<br \/>Limited liability company with capital of \u20ac600<br \/>Chamb\u00e9ry Trade and Companies Register 823 628 698<br \/>contact(@)webaudit.fr<\/p><p><b>The vtcguyane.fr website is published for:<\/b><\/p><p>Company name: ELFORT DANIEL COURTOISIE ET SERVICES<br \/>Trade name: Hector VTC Cayenne Guyane (Alternative taxi &amp; concierge service)<br \/>Address: 1 RUE GASTON MONNERVILLE 97351 MATOURY<br \/>SIRET: 98184300600017<br \/>VAT number: FR64981843006<br \/>Date created: 04\/02\/2024<br \/>Share capital: \u20ac1,000<br \/>Publishing Director: DANIEL ELFORT<br \/>Phone: +594 6 94 22 03 14\u202f<\/p><p>The website for your Private Driver\/Alternative Taxi in French Guiana was created by the team at\u00a0 <a href=\"https:\/\/webaudit.fr\/vtc\" target=\"_blank\" rel=\"noopener\">Webaudit, specialist in website design for private hire drivers<\/a>\u00a0with natural referencing.<\/p><p>Find out more at <a href=\"https:\/\/annuaire-vtc-france.fr\/\/\">directory-vtc-france.fr <\/a>all of the <a href=\"https:\/\/annuaire-vtc-france.fr\/vtc-guyane\/\">private drivers in French Guiana<\/a>.<\/p><p><b>Host:<\/b><\/p><p>Infomaniak Network Inc.<br \/>25 Eug\u00e8ne Marziano Street<br \/>1227 Les Acacias (GE)<br \/>Commercial Register of the Canton of Geneva: CH-660.0.059.996-1<br \/>IDE number: CHE-103.167.648<br \/>VAT number: CHE-103.167.648<\/p><p><b>GDPR Regulations, Data Protection, and Use of Cookies:<\/b><\/p><p>In accordance with the requirements of the General Data Protection Regulation (GDPR), we are committed to transparency and the protection of your personal data. For a clear understanding of how we collect, use, and protect your data, as well as our use of cookies to improve your experience on our site, we invite you to consult our <a href=\"#gdpr_cookie_modal\">GDPR and Cookies Information Center<\/a>.<\/p><p style=\"text-align: justify;\">By clicking on this link, you will have access to our Privacy Statement and Cookie Policy detailing our data protection practices and use of cookies, as well as your rights and choices regarding this information.<\/p><p><b>Intellectual property<\/b><\/p><p>All content on this site, including, but not limited to, graphics, images, text, videos, animations, sounds, logos, gifs, and icons, as well as their formatting, is the exclusive property of WEBAUDIT FRANCE SARL, with the exception of trademarks, logos, or content belonging to other partner companies or authors.<br \/>Any reproduction, distribution, modification, adaptation, retransmission, or publication, even partial, of these various elements is strictly prohibited without the express written consent of WEBAUDIT FRANCE SARL. Such representation or reproduction, by any means whatsoever, constitutes an infringement punishable under Articles L.335-2 et seq. of the Intellectual Property Code. Failure to comply with this prohibition constitutes an infringement that may result in civil and criminal liability for the infringer. In addition, the owners of the copied Content may take legal action against them.<\/p>\t\t\t\t\t\t\t\t<\/div>\n\t\t\t\t<\/div>\n\t\t\t\t\t<\/div>\n\t\t<\/div>\n\t\t\t\t\t<\/div>\n\t\t<\/section>\n\t\t\t\t<\/div>","protected":false},"excerpt":{"rendered":"<p>Mentions l\u00e9gales Le site vtcguyane.fr est \u00e9dit\u00e9 par : WebAudit France6 avenue Jean Jaur\u00e8s, 73000 Chamb\u00e9rySARL au capital de 600\u20acRCS Chamb\u00e9ry 823 628 698contact(@)webaudit.fr Le site vtcguyane.fr est \u00e9dit\u00e9 pour : Raison sociale\u202f: ELFORT DANIEL COURTOISIE ET SERVICESNom commercial\u202f: Hector VTC Cayenne Guyane (Taxi alternatif &amp; conciergerie)Adresse\u202f: 1 RUE GASTON MONNERVILLE 97351 MATOURYSIRET\u202f: 98184300600017Num\u00e9ro de [&hellip;]<\/p>\n","protected":false},"author":1,"featured_media":0,"parent":0,"menu_order":0,"comment_status":"closed","ping_status":"closed","template":"elementor_header_footer","meta":{"footnotes":""},"class_list":["post-28852","page","type-page","status-publish","hentry"],"yoast_head":"<!-- This site is optimized with the Yoast SEO plugin v27.2 - https:\/\/yoast.com\/product\/yoast-seo-wordpress\/ -->\n<title>Mentions L\u00e9gales - Hector VTC Cayenne Guyane (Taxi alternatif &amp; Conciergerie)<\/title>\n<meta name=\"robots\" content=\"index, follow, max-snippet:-1, max-image-preview:large, max-video-preview:-1\" \/>\n<link rel=\"canonical\" href=\"https:\/\/vtcguyane.fr\/en\/legal-notices\/\" \/>\n<meta property=\"og:locale\" content=\"en_US\" \/>\n<meta property=\"og:type\" content=\"article\" \/>\n<meta property=\"og:title\" content=\"Mentions L\u00e9gales - Hector VTC Cayenne Guyane (Taxi alternatif &amp; Conciergerie)\" \/>\n<meta property=\"og:description\" content=\"Mentions l\u00e9gales Le site vtcguyane.fr est \u00e9dit\u00e9 par : WebAudit France6 avenue Jean Jaur\u00e8s, 73000 Chamb\u00e9rySARL au capital de 600\u20acRCS Chamb\u00e9ry 823 628 698contact(@)webaudit.fr Le site vtcguyane.fr est \u00e9dit\u00e9 pour : Raison sociale\u202f: ELFORT DANIEL COURTOISIE ET SERVICESNom commercial\u202f: Hector VTC Cayenne Guyane (Taxi alternatif &amp; conciergerie)Adresse\u202f: 1 RUE GASTON MONNERVILLE 97351 MATOURYSIRET\u202f: 98184300600017Num\u00e9ro de [&hellip;]\" \/>\n<meta property=\"og:url\" content=\"https:\/\/vtcguyane.fr\/en\/legal-notices\/\" \/>\n<meta property=\"og:site_name\" content=\"Hector VTC Cayenne Guyane (Taxi alternatif &amp; Conciergerie)\" \/>\n<meta property=\"article:modified_time\" content=\"2025-09-18T09:08:05+00:00\" \/>\n<meta name=\"twitter:card\" content=\"summary_large_image\" \/>\n<meta name=\"twitter:label1\" content=\"Est. reading time\" \/>\n\t<meta name=\"twitter:data1\" content=\"3 minutes\" \/>\n<script type=\"application\/ld+json\" class=\"yoast-schema-graph\">{\"@context\":\"https:\/\/schema.org\",\"@graph\":[{\"@type\":\"WebPage\",\"@id\":\"https:\/\/vtcguyane.fr\/mentions-legales\/\",\"url\":\"https:\/\/vtcguyane.fr\/mentions-legales\/\",\"name\":\"Mentions L\u00e9gales - Hector VTC Cayenne Guyane (Taxi alternatif &amp; Conciergerie)\",\"isPartOf\":{\"@id\":\"https:\/\/vtcguyane.fr\/#website\"},\"datePublished\":\"2024-01-19T07:18:34+00:00\",\"dateModified\":\"2025-09-18T09:08:05+00:00\",\"breadcrumb\":{\"@id\":\"https:\/\/vtcguyane.fr\/mentions-legales\/#breadcrumb\"},\"inLanguage\":\"en-US\",\"potentialAction\":[{\"@type\":\"ReadAction\",\"target\":[\"https:\/\/vtcguyane.fr\/mentions-legales\/\"]}]},{\"@type\":\"BreadcrumbList\",\"@id\":\"https:\/\/vtcguyane.fr\/mentions-legales\/#breadcrumb\",\"itemListElement\":[{\"@type\":\"ListItem\",\"position\":1,\"name\":\"Accueil\",\"item\":\"https:\/\/vtcguyane.fr\/\"},{\"@type\":\"ListItem\",\"position\":2,\"name\":\"Mentions L\u00e9gales\"}]},{\"@type\":\"WebSite\",\"@id\":\"https:\/\/vtcguyane.fr\/#website\",\"url\":\"https:\/\/vtcguyane.fr\/\",\"name\":\"Hector VTC Cayenne Guyane (Taxi alternatif & conciergerie)\",\"description\":\"R\u00e9server un VTC Taxi Alternatif pour des excursions touristiques ou des transferts \u00e0 la demande de 1 \u00e0 7 passagers en Guyane\",\"publisher\":{\"@id\":\"https:\/\/vtcguyane.fr\/#organization\"},\"potentialAction\":[{\"@type\":\"SearchAction\",\"target\":{\"@type\":\"EntryPoint\",\"urlTemplate\":\"https:\/\/vtcguyane.fr\/?s={search_term_string}\"},\"query-input\":{\"@type\":\"PropertyValueSpecification\",\"valueRequired\":true,\"valueName\":\"search_term_string\"}}],\"inLanguage\":\"en-US\"},{\"@type\":\"Organization\",\"@id\":\"https:\/\/vtcguyane.fr\/#organization\",\"name\":\"Hector VTC Cayenne Guyane (Taxi alternatif & conciergerie)\",\"url\":\"https:\/\/vtcguyane.fr\/\",\"logo\":{\"@type\":\"ImageObject\",\"inLanguage\":\"en-US\",\"@id\":\"https:\/\/vtcguyane.fr\/#\/schema\/logo\/image\/\",\"url\":\"https:\/\/vtcguyane.fr\/wp-content\/uploads\/cropped-logo-hector-vtc-cayenne.png\",\"contentUrl\":\"https:\/\/vtcguyane.fr\/wp-content\/uploads\/cropped-logo-hector-vtc-cayenne.png\",\"width\":500,\"height\":226,\"caption\":\"Hector VTC Cayenne Guyane (Taxi alternatif & conciergerie)\"},\"image\":{\"@id\":\"https:\/\/vtcguyane.fr\/#\/schema\/logo\/image\/\"}}]}<\/script>\n<!-- \/ Yoast SEO plugin. -->","yoast_head_json":{"title":"Legal Notice - Hector VTC Cayenne French Guiana (Alternative Taxi &amp; Concierge Service)","robots":{"index":"index","follow":"follow","max-snippet":"max-snippet:-1","max-image-preview":"max-image-preview:large","max-video-preview":"max-video-preview:-1"},"canonical":"https:\/\/vtcguyane.fr\/en\/legal-notices\/","og_locale":"en_US","og_type":"article","og_title":"Mentions L\u00e9gales - Hector VTC Cayenne Guyane (Taxi alternatif &amp; Conciergerie)","og_description":"Mentions l\u00e9gales Le site vtcguyane.fr est \u00e9dit\u00e9 par : WebAudit France6 avenue Jean Jaur\u00e8s, 73000 Chamb\u00e9rySARL au capital de 600\u20acRCS Chamb\u00e9ry 823 628 698contact(@)webaudit.fr Le site vtcguyane.fr est \u00e9dit\u00e9 pour : Raison sociale\u202f: ELFORT DANIEL COURTOISIE ET SERVICESNom commercial\u202f: Hector VTC Cayenne Guyane (Taxi alternatif &amp; conciergerie)Adresse\u202f: 1 RUE GASTON MONNERVILLE 97351 MATOURYSIRET\u202f: 98184300600017Num\u00e9ro de [&hellip;]","og_url":"https:\/\/vtcguyane.fr\/en\/legal-notices\/","og_site_name":"Hector VTC Cayenne Guyane (Taxi alternatif &amp; Conciergerie)","article_modified_time":"2025-09-18T09:08:05+00:00","twitter_card":"summary_large_image","twitter_misc":{"Est. reading time":"3 minutes"},"schema":{"@context":"https:\/\/schema.org","@graph":[{"@type":"WebPage","@id":"https:\/\/vtcguyane.fr\/mentions-legales\/","url":"https:\/\/vtcguyane.fr\/mentions-legales\/","name":"Legal Notice - Hector VTC Cayenne French Guiana (Alternative Taxi &amp; Concierge Service)","isPartOf":{"@id":"https:\/\/vtcguyane.fr\/#website"},"datePublished":"2024-01-19T07:18:34+00:00","dateModified":"2025-09-18T09:08:05+00:00","breadcrumb":{"@id":"https:\/\/vtcguyane.fr\/mentions-legales\/#breadcrumb"},"inLanguage":"en-US","potentialAction":[{"@type":"ReadAction","target":["https:\/\/vtcguyane.fr\/mentions-legales\/"]}]},{"@type":"BreadcrumbList","@id":"https:\/\/vtcguyane.fr\/mentions-legales\/#breadcrumb","itemListElement":[{"@type":"ListItem","position":1,"name":"Accueil","item":"https:\/\/vtcguyane.fr\/"},{"@type":"ListItem","position":2,"name":"Mentions L\u00e9gales"}]},{"@type":"WebSite","@id":"https:\/\/vtcguyane.fr\/#website","url":"https:\/\/vtcguyane.fr\/","name":"Hector VTC Cayenne Guyane (Alternative Taxi &amp; Concierge Service)","description":"Book a private hire taxi service for tourist excursions or on-demand transfers for 1 to 7 passengers in French Guiana","publisher":{"@id":"https:\/\/vtcguyane.fr\/#organization"},"potentialAction":[{"@type":"SearchAction","target":{"@type":"EntryPoint","urlTemplate":"https:\/\/vtcguyane.fr\/?s={search_term_string}"},"query-input":{"@type":"PropertyValueSpecification","valueRequired":true,"valueName":"search_term_string"}}],"inLanguage":"en-US"},{"@type":"Organization","@id":"https:\/\/vtcguyane.fr\/#organization","name":"Hector VTC Cayenne Guyane (Alternative Taxi &amp; Concierge Service)","url":"https:\/\/vtcguyane.fr\/","logo":{"@type":"ImageObject","inLanguage":"en-US","@id":"https:\/\/vtcguyane.fr\/#\/schema\/logo\/image\/","url":"https:\/\/vtcguyane.fr\/wp-content\/uploads\/cropped-logo-hector-vtc-cayenne.png","contentUrl":"https:\/\/vtcguyane.fr\/wp-content\/uploads\/cropped-logo-hector-vtc-cayenne.png","width":500,"height":226,"caption":"Hector VTC Cayenne Guyane (Taxi alternatif & conciergerie)"},"image":{"@id":"https:\/\/vtcguyane.fr\/#\/schema\/logo\/image\/"}}]}},"_links":{"self":[{"href":"https:\/\/vtcguyane.fr\/en\/wp-json\/wp\/v2\/pages\/28852","targetHints":{"allow":["GET"]}}],"collection":[{"href":"https:\/\/vtcguyane.fr\/en\/wp-json\/wp\/v2\/pages"}],"about":[{"href":"https:\/\/vtcguyane.fr\/en\/wp-json\/wp\/v2\/types\/page"}],"author":[{"embeddable":true,"href":"https:\/\/vtcguyane.fr\/en\/wp-json\/wp\/v2\/users\/1"}],"replies":[{"embeddable":true,"href":"https:\/\/vtcguyane.fr\/en\/wp-json\/wp\/v2\/comments?post=28852"}],"version-history":[{"count":15,"href":"https:\/\/vtcguyane.fr\/en\/wp-json\/wp\/v2\/pages\/28852\/revisions"}],"predecessor-version":[{"id":30698,"href":"https:\/\/vtcguyane.fr\/en\/wp-json\/wp\/v2\/pages\/28852\/revisions\/30698"}],"wp:attachment":[{"href":"https:\/\/vtcguyane.fr\/en\/wp-json\/wp\/v2\/media?parent=28852"}],"curies":[{"name":"wp","href":"https:\/\/api.w.org\/{rel}","templated":true}]}}